{"id":1011,"date":"2016-07-21T11:31:48","date_gmt":"2016-07-21T09:31:48","guid":{"rendered":"https:\/\/www.unionemontanasuoldaleramo.it\/asca\/?page_id=1011"},"modified":"2026-04-21T15:23:41","modified_gmt":"2026-04-21T13:23:41","slug":"orari-di-ricevimento","status":"publish","type":"page","link":"https:\/\/www.unionemontanasuoldaleramo.it\/asca\/orari-di-ricevimento\/","title":{"rendered":"Orari di ricevimento"},"content":{"rendered":"<p><strong>Servizio Socio Assistenziale &#8211;\u00a0Piazza San Guido n. 2 &#8211; Acqui Terme<\/strong><\/p>\n<p>&nbsp;<\/p>\n<ul>\n<li><strong>Orario di Sportello<\/strong><\/li>\n<\/ul>\n<p>Dal luned\u00ec al venerd\u00ec<\/p>\n<p>dalle 8:45 alle 13:15<\/p>\n<p>il gioved\u00ec anche dalle 14:30 alle 16:30<\/p>\n<p>&nbsp;<\/p>\n<ul>\n<li><strong>Orario di ricevimento Segretariato\u00a0Sociale &#8211; Primo accesso al servizio<\/strong><\/li>\n<\/ul>\n<p>ogni marted\u00ec e venerd\u00ec mattina, previo appuntamento<\/p>\n<p>&nbsp;<\/p>\n<p>Gli <strong>Assistenti Sociali<\/strong> ricevono le <strong>persone gi\u00e0 in carico su appuntamento<\/strong> al di fuori dell&#8217;orario sopra indicato.<\/p>\n<p>&nbsp;<\/p>\n","protected":false},"excerpt":{"rendered":"<p>Servizio Socio Assistenziale &#8211;\u00a0Piazza San Guido n. 2 &#8211; Acqui Terme &nbsp; Orario di Sportello Dal luned\u00ec al venerd\u00ec dalle 8:45 alle 13:15 il gioved\u00ec anche dalle 14:30 alle 16:30 &nbsp; Orario di ricevimento Segretariato\u00a0Sociale &#8211; Primo accesso al servizio ogni marted\u00ec e venerd\u00ec mattina, previo appuntamento &nbsp; Gli Assistenti Sociali ricevono le persone gi\u00e0&hellip; <a class=\"continue\" href=\"https:\/\/www.unionemontanasuoldaleramo.it\/asca\/orari-di-ricevimento\/\">Continua a leggere<span> Orari di ricevimento<\/span><\/a><\/p>\n","protected":false},"author":1,"featured_media":0,"parent":0,"menu_order":0,"comment_status":"closed","ping_status":"closed","template":"","meta":{"footnotes":""},"class_list":["post-1011","page","type-page","status-publish","hentry"],"yoast_head":"<!-- This site is optimized with the Yoast SEO plugin v25.6 - https:\/\/yoast.com\/wordpress\/plugins\/seo\/ -->\n<title>Orari di ricevimento | Associazione Socio Assistenziale dei comuni dell&#039;Acquese<\/title>\n<meta name=\"robots\" content=\"index, follow, max-snippet:-1, max-image-preview:large, max-video-preview:-1\" \/>\n<link rel=\"canonical\" href=\"https:\/\/www.unionemontanasuoldaleramo.it\/asca\/orari-di-ricevimento\/\" \/>\n<meta property=\"og:locale\" content=\"it_IT\" \/>\n<meta property=\"og:type\" content=\"article\" \/>\n<meta property=\"og:title\" content=\"Orari di ricevimento - Associazione Socio Assistenziale dei comuni dell&#039;Acquese\" \/>\n<meta property=\"og:description\" content=\"Servizio Socio Assistenziale &#8211;\u00a0Piazza San Guido n. 2 &#8211; Acqui Terme &nbsp; Orario di Sportello Dal luned\u00ec al venerd\u00ec dalle 8:45 alle 13:15 il gioved\u00ec anche dalle 14:30 alle 16:30 &nbsp; Orario di ricevimento Segretariato\u00a0Sociale &#8211; Primo accesso al servizio ogni marted\u00ec e venerd\u00ec mattina, previo appuntamento &nbsp; Gli Assistenti Sociali ricevono le persone gi\u00e0&hellip; Continua a leggere Orari di ricevimento\" \/>\n<meta property=\"og:url\" content=\"https:\/\/www.unionemontanasuoldaleramo.it\/asca\/orari-di-ricevimento\/\" \/>\n<meta property=\"og:site_name\" content=\"Associazione Socio Assistenziale dei comuni dell&#039;Acquese\" \/>\n<meta property=\"article:modified_time\" content=\"2026-04-21T13:23:41+00:00\" \/>\n<meta name=\"twitter:card\" content=\"summary_large_image\" \/>\n<meta name=\"twitter:label1\" content=\"Tempo di lettura stimato\" \/>\n\t<meta name=\"twitter:data1\" content=\"1 minuto\" \/>\n<script type=\"application\/ld+json\" class=\"yoast-schema-graph\">{\"@context\":\"https:\/\/schema.org\",\"@graph\":[{\"@type\":\"WebPage\",\"@id\":\"https:\/\/www.unionemontanasuoldaleramo.it\/asca\/orari-di-ricevimento\/\",\"url\":\"https:\/\/www.unionemontanasuoldaleramo.it\/asca\/orari-di-ricevimento\/\",\"name\":\"Orari di ricevimento - Associazione Socio Assistenziale dei comuni dell&#039;Acquese\",\"isPartOf\":{\"@id\":\"https:\/\/www.unionemontanasuoldaleramo.it\/asca\/#website\"},\"datePublished\":\"2016-07-21T09:31:48+00:00\",\"dateModified\":\"2026-04-21T13:23:41+00:00\",\"breadcrumb\":{\"@id\":\"https:\/\/www.unionemontanasuoldaleramo.it\/asca\/orari-di-ricevimento\/#breadcrumb\"},\"inLanguage\":\"it-IT\",\"potentialAction\":[{\"@type\":\"ReadAction\",\"target\":[\"https:\/\/www.unionemontanasuoldaleramo.it\/asca\/orari-di-ricevimento\/\"]}]},{\"@type\":\"BreadcrumbList\",\"@id\":\"https:\/\/www.unionemontanasuoldaleramo.it\/asca\/orari-di-ricevimento\/#breadcrumb\",\"itemListElement\":[{\"@type\":\"ListItem\",\"position\":1,\"name\":\"Home\",\"item\":\"https:\/\/www.unionemontanasuoldaleramo.it\/asca\/\"},{\"@type\":\"ListItem\",\"position\":2,\"name\":\"Orari di ricevimento\"}]},{\"@type\":\"WebSite\",\"@id\":\"https:\/\/www.unionemontanasuoldaleramo.it\/asca\/#website\",\"url\":\"https:\/\/www.unionemontanasuoldaleramo.it\/asca\/\",\"name\":\"Associazione Socio Assistenziale dei comuni dell&#039;Acquese\",\"description\":\"ASCA\",\"potentialAction\":[{\"@type\":\"SearchAction\",\"target\":{\"@type\":\"EntryPoint\",\"urlTemplate\":\"https:\/\/www.unionemontanasuoldaleramo.it\/asca\/?s={search_term_string}\"},\"query-input\":{\"@type\":\"PropertyValueSpecification\",\"valueRequired\":true,\"valueName\":\"search_term_string\"}}],\"inLanguage\":\"it-IT\"}]}<\/script>\n<!-- \/ Yoast SEO plugin. -->","yoast_head_json":{"title":"Orari di ricevimento | Associazione Socio Assistenziale dei comuni dell&#039;Acquese","robots":{"index":"index","follow":"follow","max-snippet":"max-snippet:-1","max-image-preview":"max-image-preview:large","max-video-preview":"max-video-preview:-1"},"canonical":"https:\/\/www.unionemontanasuoldaleramo.it\/asca\/orari-di-ricevimento\/","og_locale":"it_IT","og_type":"article","og_title":"Orari di ricevimento - Associazione Socio Assistenziale dei comuni dell&#039;Acquese","og_description":"Servizio Socio Assistenziale &#8211;\u00a0Piazza San Guido n. 2 &#8211; Acqui Terme &nbsp; Orario di Sportello Dal luned\u00ec al venerd\u00ec dalle 8:45 alle 13:15 il gioved\u00ec anche dalle 14:30 alle 16:30 &nbsp; Orario di ricevimento Segretariato\u00a0Sociale &#8211; Primo accesso al servizio ogni marted\u00ec e venerd\u00ec mattina, previo appuntamento &nbsp; Gli Assistenti Sociali ricevono le persone gi\u00e0&hellip; Continua a leggere Orari di ricevimento","og_url":"https:\/\/www.unionemontanasuoldaleramo.it\/asca\/orari-di-ricevimento\/","og_site_name":"Associazione Socio Assistenziale dei comuni dell&#039;Acquese","article_modified_time":"2026-04-21T13:23:41+00:00","twitter_card":"summary_large_image","twitter_misc":{"Tempo di lettura stimato":"1 minuto"},"schema":{"@context":"https:\/\/schema.org","@graph":[{"@type":"WebPage","@id":"https:\/\/www.unionemontanasuoldaleramo.it\/asca\/orari-di-ricevimento\/","url":"https:\/\/www.unionemontanasuoldaleramo.it\/asca\/orari-di-ricevimento\/","name":"Orari di ricevimento - Associazione Socio Assistenziale dei comuni dell&#039;Acquese","isPartOf":{"@id":"https:\/\/www.unionemontanasuoldaleramo.it\/asca\/#website"},"datePublished":"2016-07-21T09:31:48+00:00","dateModified":"2026-04-21T13:23:41+00:00","breadcrumb":{"@id":"https:\/\/www.unionemontanasuoldaleramo.it\/asca\/orari-di-ricevimento\/#breadcrumb"},"inLanguage":"it-IT","potentialAction":[{"@type":"ReadAction","target":["https:\/\/www.unionemontanasuoldaleramo.it\/asca\/orari-di-ricevimento\/"]}]},{"@type":"BreadcrumbList","@id":"https:\/\/www.unionemontanasuoldaleramo.it\/asca\/orari-di-ricevimento\/#breadcrumb","itemListElement":[{"@type":"ListItem","position":1,"name":"Home","item":"https:\/\/www.unionemontanasuoldaleramo.it\/asca\/"},{"@type":"ListItem","position":2,"name":"Orari di ricevimento"}]},{"@type":"WebSite","@id":"https:\/\/www.unionemontanasuoldaleramo.it\/asca\/#website","url":"https:\/\/www.unionemontanasuoldaleramo.it\/asca\/","name":"Associazione Socio Assistenziale dei comuni dell&#039;Acquese","description":"ASCA","potentialAction":[{"@type":"SearchAction","target":{"@type":"EntryPoint","urlTemplate":"https:\/\/www.unionemontanasuoldaleramo.it\/asca\/?s={search_term_string}"},"query-input":{"@type":"PropertyValueSpecification","valueRequired":true,"valueName":"search_term_string"}}],"inLanguage":"it-IT"}]}},"_links":{"self":[{"href":"https:\/\/www.unionemontanasuoldaleramo.it\/asca\/wp-json\/wp\/v2\/pages\/1011"}],"collection":[{"href":"https:\/\/www.unionemontanasuoldaleramo.it\/asca\/wp-json\/wp\/v2\/pages"}],"about":[{"href":"https:\/\/www.unionemontanasuoldaleramo.it\/asca\/wp-json\/wp\/v2\/types\/page"}],"author":[{"embeddable":true,"href":"https:\/\/www.unionemontanasuoldaleramo.it\/asca\/wp-json\/wp\/v2\/users\/1"}],"replies":[{"embeddable":true,"href":"https:\/\/www.unionemontanasuoldaleramo.it\/asca\/wp-json\/wp\/v2\/comments?post=1011"}],"version-history":[{"count":8,"href":"https:\/\/www.unionemontanasuoldaleramo.it\/asca\/wp-json\/wp\/v2\/pages\/1011\/revisions"}],"predecessor-version":[{"id":2475,"href":"https:\/\/www.unionemontanasuoldaleramo.it\/asca\/wp-json\/wp\/v2\/pages\/1011\/revisions\/2475"}],"wp:attachment":[{"href":"https:\/\/www.unionemontanasuoldaleramo.it\/asca\/wp-json\/wp\/v2\/media?parent=1011"}],"curies":[{"name":"wp","href":"https:\/\/api.w.org\/{rel}","templated":true}]}}